{"id":79,"date":"2013-10-07T07:57:28","date_gmt":"2013-10-07T04:57:28","guid":{"rendered":"http:\/\/crossfitsln.com\/?page_id=79"},"modified":"2026-02-17T16:03:18","modified_gmt":"2026-02-17T14:03:18","slug":"hinnasto","status":"publish","type":"page","link":"https:\/\/www.crossfitsln.com\/?page_id=79","title":{"rendered":"Hinnasto ja j\u00e4senyys"},"content":{"rendered":"\n<h1 class=\"wp-block-heading has-text-align-center\"><strong>CROSSFIT HINNASTO <br><\/strong><\/h1>\n\n\n\n<figure class=\"wp-block-table is-style-stripes\"><table class=\"has-fixed-layout\"><tbody><tr><td class=\"has-text-align-center\" data-align=\"center\"><strong>CrossFit kuukausij\u00e4senyys<\/strong><\/td><td class=\"has-text-align-center\" data-align=\"center\"><strong>80 \u20ac<\/strong><\/td><\/tr><tr><td class=\"has-text-align-center\" data-align=\"center\"><strong>Opiskelijat\/el\u00e4kel\u00e4iset\/alennusryhm\u00e4t kuukausij\u00e4senyys<\/strong><\/td><td class=\"has-text-align-center\" data-align=\"center\"><strong>72 \u20ac<\/strong><\/td><\/tr><tr><td class=\"has-text-align-center\" data-align=\"center\"><strong>Open Gym &amp; painonnosto kuukausij\u00e4senyys<\/strong><\/td><td class=\"has-text-align-center\" data-align=\"center\"><strong>65 \u20ac<\/strong><\/td><\/tr><tr><td class=\"has-text-align-center\" data-align=\"center\"><strong>6 kuukauden j\u00e4senyys<\/strong><\/td><td class=\"has-text-align-center\" data-align=\"center\"><strong>450 \u20ac<\/strong><\/td><\/tr><tr><td class=\"has-text-align-center\" data-align=\"center\"><strong>10 kerran kortti<\/strong><\/td><td class=\"has-text-align-center\" data-align=\"center\"><strong>125 \u20ac<\/strong><\/td><\/tr><tr><td class=\"has-text-align-center\" data-align=\"center\"><strong>Viikkopassi (7 p\u00e4iv\u00e4\u00e4)<\/strong><\/td><td class=\"has-text-align-center\" data-align=\"center\"><strong>50 \u20ac<\/strong><\/td><\/tr><tr><td class=\"has-text-align-center\" data-align=\"center\"><strong>Kertak\u00e4ynti<\/strong><\/td><td class=\"has-text-align-center\" data-align=\"center\"><strong>15 \u20ac<\/strong><\/td><\/tr><tr><td class=\"has-text-align-center\" data-align=\"center\"><strong>Kulkuavain<\/strong><\/td><td class=\"has-text-align-center\" data-align=\"center\"><strong>10 \u20ac \/ kpl<\/strong><\/td><\/tr><\/tbody><\/table><\/figure>\n\n\n\n<p><\/p>\n\n\n\n<p>10 k\u00e4yntikerran kulkuavain on voimassa 4 kuukautta ostop\u00e4iv\u00e4st\u00e4.<\/p>\n\n\n\n<p class=\"has-large-font-size\"><strong>CROSSFIT J\u00c4SENYYS <\/strong><\/p>\n\n\n\n<p>CrossFit-tunneille osallistuminen edellytt\u00e4\u00e4 OnRamp -peruskurssin k\u00e4ymist\u00e4.&nbsp;Jos haluat aloittaa lajin, lis\u00e4tietoa <a href=\"https:\/\/crossfitsln.com\/?page_id=3750\">Aloita CrossFit -sivulta.<\/a><\/p>\n\n\n\n<p>Jos haluat aloittaa CrossFit-j\u00e4senyyden tai jos sinulla jotain kysytt\u00e4v\u00e4\u00e4 j\u00e4senyyksiin tai laskutukseen liittyen, otathan yhteytt\u00e4 CrossFit SLN:n asiakaspalveluun osoitteeseen asiakaspalvelu@strongsportsln.com.<\/p>\n\n\n\n<p>Jos sinulla on tarve keskeytt\u00e4\u00e4 tai lopettaa j\u00e4senyys, tulee se tehd\u00e4 viimeist\u00e4\u00e4n viikko ennen kuun vaihdetta. J\u00e4senyytt\u00e4 ei voi katkaista osaksi kuukautta lomamatkojen, sairastumisen tai muun syyn vuoksi. Jos sinulla on tiedossa siis tarve katkaista tai keskeytt\u00e4\u00e4 j\u00e4senyys koko kuukaudeksi, otathan asiasta yhteytt\u00e4 asiakaspalveluun hyviss\u00e4 ajoin!<\/p>\n\n\n\n<p class=\"has-large-font-size\"><strong>KERTAK\u00c4YNNIT<\/strong><\/p>\n\n\n\n<p>Jos olet tulossa vierailulle Savonlinnaan ja haluaisit tulla treenaamaan meille, ota yhteys salin asiakaspalveluun s\u00e4hk\u00f6postilla asiakaspalvelu@strongsportsln.com, niin sovitaan asiasta! <\/p>\n\n\n\n<p class=\"has-large-font-size\"><strong>MAKSUTAVAT JA LIIKUNTAETUUDET<\/strong><\/p>\n\n\n\n<p>J\u00e4senyyksien maksutapoja ovat s\u00e4hk\u00f6postilasku ja Mobilepay. Asiakas voi itse vaihtaa s\u00e4hk\u00f6postilaskun E-laskuksi oman verkkopankin kautta. Mobilepay-maksuista tulee ilmoittaa CrossFit SLN:n asiakaspalveluun, sill\u00e4 emme saa suoraan tietoa sit\u00e4 kautta maksetuista j\u00e4senyyksist\u00e4. Laskut tulevat asiakkaille Ropo Capitalin nimell\u00e4.<\/p>\n\n\n\n<p>Liikuntaetuuksista maksutapoina k\u00e4yv\u00e4t Edenred, Epassi sek\u00e4 Smartum. Muistathan ilmoittaa my\u00f6s liikuntaetuuksien k\u00e4yt\u00f6st\u00e4 salin asiakaspalvelun s\u00e4hk\u00f6postiin etuk\u00e4teen. Emme saa automaattisesti tietoa siit\u00e4, jos liikuntaetua on ohjattu k\u00e4ytett\u00e4v\u00e4ksi salin j\u00e4senmaksuihin.<\/p>\n\n\n\n<p><\/p>\n","protected":false},"excerpt":{"rendered":"<p>CROSSFIT HINNASTO CrossFit kuukausij\u00e4senyys 80 \u20ac Opiskelijat\/el\u00e4kel\u00e4iset\/alennusryhm\u00e4t kuukausij\u00e4senyys 72 \u20ac Open Gym &amp; painonnosto kuukausij\u00e4senyys 65 \u20ac 6 kuukauden j\u00e4senyys 450 \u20ac 10 kerran kortti 125 \u20ac Viikkopassi (7 p\u00e4iv\u00e4\u00e4) 50 \u20ac Kertak\u00e4ynti 15 \u20ac Kulkuavain 10 \u20ac \/ kpl 10 k\u00e4yntikerran kulkuavain on voimassa 4 kuukautta ostop\u00e4iv\u00e4st\u00e4. CROSSFIT J\u00c4SENYYS CrossFit-tunneille osallistuminen edellytt\u00e4\u00e4 OnRamp -peruskurssin&#8230;<\/p>\n","protected":false},"author":1,"featured_media":0,"parent":0,"menu_order":0,"comment_status":"closed","ping_status":"closed","template":"","meta":{"_kadence_starter_templates_imported_post":false,"_kad_post_transparent":"","_kad_post_title":"","_kad_post_layout":"","_kad_post_sidebar_id":"","_kad_post_content_style":"","_kad_post_vertical_padding":"","_kad_post_feature":"","_kad_post_feature_position":"","_kad_post_header":false,"_kad_post_footer":false,"_kad_post_classname":"","footnotes":""},"class_list":["post-79","page","type-page","status-publish","hentry"],"_links":{"self":[{"href":"https:\/\/www.crossfitsln.com\/index.php?rest_route=\/wp\/v2\/pages\/79","targetHints":{"allow":["GET"]}}],"collection":[{"href":"https:\/\/www.crossfitsln.com\/index.php?rest_route=\/wp\/v2\/pages"}],"about":[{"href":"https:\/\/www.crossfitsln.com\/index.php?rest_route=\/wp\/v2\/types\/page"}],"author":[{"embeddable":true,"href":"https:\/\/www.crossfitsln.com\/index.php?rest_route=\/wp\/v2\/users\/1"}],"replies":[{"embeddable":true,"href":"https:\/\/www.crossfitsln.com\/index.php?rest_route=%2Fwp%2Fv2%2Fcomments&post=79"}],"version-history":[{"count":32,"href":"https:\/\/www.crossfitsln.com\/index.php?rest_route=\/wp\/v2\/pages\/79\/revisions"}],"predecessor-version":[{"id":4023,"href":"https:\/\/www.crossfitsln.com\/index.php?rest_route=\/wp\/v2\/pages\/79\/revisions\/4023"}],"wp:attachment":[{"href":"https:\/\/www.crossfitsln.com\/index.php?rest_route=%2Fwp%2Fv2%2Fmedia&parent=79"}],"curies":[{"name":"wp","href":"https:\/\/api.w.org\/{rel}","templated":true}]}}