{"id":3881,"date":"2025-08-25T15:23:17","date_gmt":"2025-08-25T12:23:17","guid":{"rendered":"https:\/\/www.crossfitsln.com\/?page_id=3881"},"modified":"2026-03-20T09:54:20","modified_gmt":"2026-03-20T07:54:20","slug":"tuntiaikataulu","status":"publish","type":"page","link":"https:\/\/www.crossfitsln.com\/?page_id=3881","title":{"rendered":"Tuntiaikataulu"},"content":{"rendered":"\n<p><\/p>\n\n\n\n<h3 class=\"wp-block-heading\">TUNTIAIKATAULU 2026<\/h3>\n\n\n\n<div class=\"wp-block-group is-layout-grid wp-container-core-group-is-layout-9649a0d9 wp-block-group-is-layout-grid\">\n<div class=\"wp-block-columns is-layout-flex wp-container-core-columns-is-layout-9d6595d7 wp-block-columns-is-layout-flex\">\n<div class=\"wp-block-column is-vertically-aligned-stretch is-layout-flow wp-block-column-is-layout-flow\" style=\"flex-basis:100%\">\n<div class=\"wp-block-group\"><div class=\"wp-block-group__inner-container is-layout-constrained wp-block-group-is-layout-constrained\">\n<h2 class=\"wp-block-heading has-text-align-center\">MAANANTAI<\/h2>\n\n\n\n<figure class=\"wp-block-table is-style-stripes\"><table class=\"has-fixed-layout\"><tbody><tr><td class=\"has-text-align-center\" data-align=\"center\"><strong>AIKA<\/strong><\/td><td class=\"has-text-align-center\" data-align=\"center\"><strong>TUNTI<\/strong><\/td><\/tr><tr><td class=\"has-text-align-center\" data-align=\"center\"><strong>16.00-17.00<\/strong><\/td><td class=\"has-text-align-center\" data-align=\"center\"><strong>WOD<\/strong><\/td><\/tr><tr><td class=\"has-text-align-center\" data-align=\"center\"><strong>17.00-18.00<\/strong><\/td><td class=\"has-text-align-center\" data-align=\"center\"><strong>WOD<\/strong><\/td><\/tr><tr><td class=\"has-text-align-center\" data-align=\"center\"><strong>18.00-19.00<\/strong><\/td><td class=\"has-text-align-center\" data-align=\"center\"><strong>WOD<\/strong><\/td><\/tr><\/tbody><\/table><\/figure>\n<\/div><\/div>\n<\/div>\n<\/div>\n\n\n\n<div class=\"wp-block-group\"><div class=\"wp-block-group__inner-container is-layout-constrained wp-block-group-is-layout-constrained\">\n<h2 class=\"wp-block-heading has-text-align-center\">TIISTAI<\/h2>\n\n\n\n<figure class=\"wp-block-table aligncenter is-style-stripes wp-container-content-69bc4bdf\"><table class=\"has-fixed-layout\"><tbody><tr><td class=\"has-text-align-center\" data-align=\"center\"><strong>AIKA<\/strong> <\/td><td class=\"has-text-align-center\" data-align=\"center\"><strong>TUNTI<\/strong><\/td><\/tr><tr><td class=\"has-text-align-center\" data-align=\"center\"><strong>8.00-9.00<\/strong><\/td><td class=\"has-text-align-center\" data-align=\"center\"><strong>KIPIS<\/strong><\/td><\/tr><tr><td class=\"has-text-align-center\" data-align=\"center\"><strong>15.00-16.00<\/strong><\/td><td class=\"has-text-align-center\" data-align=\"center\"><strong>WOD<\/strong><\/td><\/tr><tr><td class=\"has-text-align-center\" data-align=\"center\"><strong>16.00-17.00<\/strong><\/td><td class=\"has-text-align-center\" data-align=\"center\"><strong>WOD<\/strong><\/td><\/tr><tr><td class=\"has-text-align-center\" data-align=\"center\"><strong>17.00-18.00<\/strong><\/td><td class=\"has-text-align-center\" data-align=\"center\"><strong>WOD<\/strong><\/td><\/tr><tr><td class=\"has-text-align-center\" data-align=\"center\"><strong>18.00-19.00<\/strong><\/td><td class=\"has-text-align-center\" data-align=\"center\"><strong>PN<\/strong> <\/td><\/tr><tr><td class=\"has-text-align-center\" data-align=\"center\"><strong>19.00-20.00<\/strong><\/td><td class=\"has-text-align-center\" data-align=\"center\"><strong>XAMK<\/strong><\/td><\/tr><\/tbody><\/table><\/figure>\n<\/div><\/div>\n\n\n\n<div class=\"wp-block-group\"><div class=\"wp-block-group__inner-container is-layout-constrained wp-block-group-is-layout-constrained\">\n<h2 class=\"wp-block-heading has-text-align-center\">KESKIVIIKKO<\/h2>\n\n\n\n<div class=\"wp-block-columns is-layout-flex wp-container-core-columns-is-layout-9d6595d7 wp-block-columns-is-layout-flex\">\n<div class=\"wp-block-column is-layout-flow wp-block-column-is-layout-flow\" style=\"flex-basis:100%\">\n<figure class=\"wp-block-table aligncenter is-style-stripes\"><table class=\"has-fixed-layout\"><tbody><tr><td class=\"has-text-align-center\" data-align=\"center\"><strong>AIKA<\/strong><\/td><td class=\"has-text-align-center\" data-align=\"center\"><strong>TUNTI<\/strong><\/td><\/tr><tr><td class=\"has-text-align-center\" data-align=\"center\"><strong>9.00-10.00<\/strong><\/td><td class=\"has-text-align-center\" data-align=\"center\"><strong>WOD<\/strong><\/td><\/tr><tr><td class=\"has-text-align-center\" data-align=\"center\"><strong>16.00-17.00<\/strong><\/td><td class=\"has-text-align-center\" data-align=\"center\"><strong>WOD<\/strong><\/td><\/tr><tr><td class=\"has-text-align-center\" data-align=\"center\"><strong>17.00-18.00<\/strong><\/td><td class=\"has-text-align-center\" data-align=\"center\"><strong>WOD<\/strong><\/td><\/tr><tr><td class=\"has-text-align-center\" data-align=\"center\"><strong>18.00-19.00<\/strong><\/td><td class=\"has-text-align-center\" data-align=\"center\"><strong>WOD<\/strong><\/td><\/tr><tr><td class=\"has-text-align-center\" data-align=\"center\"><strong>19.00-19.30<\/strong><\/td><td class=\"has-text-align-center\" data-align=\"center\"><strong>MOB<\/strong><\/td><\/tr><\/tbody><\/table><\/figure>\n<\/div>\n<\/div>\n<\/div><\/div>\n\n\n\n<div class=\"wp-block-group\"><div class=\"wp-block-group__inner-container is-layout-constrained wp-block-group-is-layout-constrained\">\n<h2 class=\"wp-block-heading has-text-align-center\">TORSTAI<\/h2>\n\n\n\n<figure class=\"wp-block-table aligncenter is-style-stripes wp-container-content-69bc4bdf\"><table class=\"has-fixed-layout\"><tbody><tr><td class=\"has-text-align-center\" data-align=\"center\"><strong>AIKA<\/strong><\/td><td class=\"has-text-align-center\" data-align=\"center\"><strong>TUNTI<\/strong><\/td><\/tr><tr><td class=\"has-text-align-center\" data-align=\"center\"><strong>8.00-9.00<\/strong><\/td><td class=\"has-text-align-center\" data-align=\"center\"><strong>KIPIS<\/strong><\/td><\/tr><tr><td class=\"has-text-align-center\" data-align=\"center\"><strong>16.00-17.00<\/strong><\/td><td class=\"has-text-align-center\" data-align=\"center\"><strong>WOD<\/strong><\/td><\/tr><tr><td class=\"has-text-align-center\" data-align=\"center\"><strong>17.00-18.00<\/strong><\/td><td class=\"has-text-align-center\" data-align=\"center\"><strong>WOD<\/strong><\/td><\/tr><tr><td class=\"has-text-align-center\" data-align=\"center\"><strong>18.00-19.00<\/strong><\/td><td class=\"has-text-align-center\" data-align=\"center\"><strong>PN<\/strong><\/td><\/tr><tr><td class=\"has-text-align-center\" data-align=\"center\"><strong>19.00-20.00<\/strong><\/td><td class=\"has-text-align-center\" data-align=\"center\"><strong>PN<\/strong><\/td><\/tr><\/tbody><\/table><\/figure>\n<\/div><\/div>\n\n\n\n<div class=\"wp-block-group\"><div class=\"wp-block-group__inner-container is-layout-constrained wp-block-group-is-layout-constrained\">\n<h2 class=\"wp-block-heading has-text-align-center\">PERJANTAI<\/h2>\n\n\n\n<figure class=\"wp-block-table aligncenter is-style-stripes\"><table class=\"has-fixed-layout\"><tbody><tr><td class=\"has-text-align-center\" data-align=\"center\"><strong>AIKA<\/strong><\/td><td class=\"has-text-align-center\" data-align=\"center\"><strong>TUNTI<\/strong><\/td><\/tr><tr><td class=\"has-text-align-center\" data-align=\"center\"><strong>16.00-17.00<\/strong><\/td><td class=\"has-text-align-center\" data-align=\"center\"><strong>WOD<\/strong><\/td><\/tr><tr><td class=\"has-text-align-center\" data-align=\"center\"><strong>17.00-18.00<\/strong><\/td><td class=\"has-text-align-center\" data-align=\"center\"><strong>WOD<\/strong><\/td><\/tr><\/tbody><\/table><\/figure>\n<\/div><\/div>\n\n\n\n<div class=\"wp-block-group\"><div class=\"wp-block-group__inner-container is-layout-constrained wp-block-group-is-layout-constrained\">\n<h2 class=\"wp-block-heading has-text-align-center\">LAUANTAI<\/h2>\n\n\n\n<figure class=\"wp-block-table aligncenter is-style-stripes\"><table class=\"has-fixed-layout\"><tbody><tr><td class=\"has-text-align-center\" data-align=\"center\"><strong>AIKA<\/strong><\/td><td class=\"has-text-align-center\" data-align=\"center\"><strong>TUNTI<\/strong><\/td><\/tr><tr><td class=\"has-text-align-center\" data-align=\"center\"><strong>11.00-12.00<\/strong><\/td><td class=\"has-text-align-center\" data-align=\"center\"><strong>WOD<\/strong><\/td><\/tr><tr><td class=\"has-text-align-center\" data-align=\"center\"><strong>12.00-13.00<\/strong><\/td><td class=\"has-text-align-center\" data-align=\"center\"><strong>PN<\/strong><\/td><\/tr><\/tbody><\/table><\/figure>\n<\/div><\/div>\n<\/div>\n\n\n\n<p><strong>WOD<\/strong> = Workout of the day, eli p\u00e4iv\u00e4n ohjattu treeni.<br><strong>PN<\/strong> = Painonostotunti.<br><strong>MOB<\/strong> = Mobility- eli liikkuvuustunti.<br><strong>XAMK<\/strong> = XAMK-opiskelijoiden oma tunti.<br><strong>KIPIS<\/strong> = Lyseon lukion urheilulinjan yksityistunti.<\/p>\n\n\n\n<p>Sali on avoinna joka p\u00e4iv\u00e4 kello 05-22. Salin iso puoli on vapaasti omatoimitreenaajien k\u00e4yt\u00f6ss\u00e4, mik\u00e4li ohjattua tuntia ei ole k\u00e4ynniss\u00e4.<\/p>\n\n\n\n<h2 class=\"wp-block-heading\">ILMOITTAUDU OHJATULLE TUNNILLE \u2013&nbsp;<strong>WODCONNECT<\/strong>!&nbsp;<\/h2>\n\n\n\n<p>CrossFit SLN:n treenit ja varattavat tunnit l\u00f6yd\u00e4t WODconnectista. Kun olet hankkinut j\u00e4senyyden, k\u00e4y liittym\u00e4ss\u00e4 WODconnectiin ja p\u00e4\u00e4set treeneihin k\u00e4siksi! WODconnectissa voit my\u00f6s pit\u00e4\u00e4 treenip\u00e4iv\u00e4kirjaa ja laittaa yl\u00f6s kaikkien treeniesi tulokset.<\/p>\n\n\n\n<p><a href=\"https:\/\/www.wodconnect.com\/crossfit-sln\">Liity WodConnectiin &gt;&gt;<\/a><\/p>\n\n\n\n<p><a href=\"https:\/\/www.wodconnect.com\/crossfit-sln\/gym_classes\"><strong>Varaa paikkasi WODille<\/strong><\/a><\/p>\n","protected":false},"excerpt":{"rendered":"<p>TUNTIAIKATAULU 2026 MAANANTAI AIKA TUNTI 16.00-17.00 WOD 17.00-18.00 WOD 18.00-19.00 WOD TIISTAI AIKA TUNTI 8.00-9.00 KIPIS 15.00-16.00 WOD 16.00-17.00 WOD 17.00-18.00 WOD 18.00-19.00 PN 19.00-20.00 XAMK KESKIVIIKKO AIKA TUNTI 9.00-10.00 WOD 16.00-17.00 WOD 17.00-18.00 WOD 18.00-19.00 WOD 19.00-19.30 MOB TORSTAI AIKA TUNTI 8.00-9.00 KIPIS 16.00-17.00 WOD 17.00-18.00 WOD 18.00-19.00 PN 19.00-20.00 PN PERJANTAI AIKA TUNTI&#8230;<\/p>\n","protected":false},"author":8,"featured_media":0,"parent":0,"menu_order":0,"comment_status":"closed","ping_status":"closed","template":"","meta":{"_kadence_starter_templates_imported_post":false,"_kad_post_transparent":"","_kad_post_title":"","_kad_post_layout":"","_kad_post_sidebar_id":"","_kad_post_content_style":"","_kad_post_vertical_padding":"","_kad_post_feature":"","_kad_post_feature_position":"","_kad_post_header":false,"_kad_post_footer":false,"_kad_post_classname":"","footnotes":""},"class_list":["post-3881","page","type-page","status-publish","hentry"],"_links":{"self":[{"href":"https:\/\/www.crossfitsln.com\/index.php?rest_route=\/wp\/v2\/pages\/3881","targetHints":{"allow":["GET"]}}],"collection":[{"href":"https:\/\/www.crossfitsln.com\/index.php?rest_route=\/wp\/v2\/pages"}],"about":[{"href":"https:\/\/www.crossfitsln.com\/index.php?rest_route=\/wp\/v2\/types\/page"}],"author":[{"embeddable":true,"href":"https:\/\/www.crossfitsln.com\/index.php?rest_route=\/wp\/v2\/users\/8"}],"replies":[{"embeddable":true,"href":"https:\/\/www.crossfitsln.com\/index.php?rest_route=%2Fwp%2Fv2%2Fcomments&post=3881"}],"version-history":[{"count":52,"href":"https:\/\/www.crossfitsln.com\/index.php?rest_route=\/wp\/v2\/pages\/3881\/revisions"}],"predecessor-version":[{"id":4034,"href":"https:\/\/www.crossfitsln.com\/index.php?rest_route=\/wp\/v2\/pages\/3881\/revisions\/4034"}],"wp:attachment":[{"href":"https:\/\/www.crossfitsln.com\/index.php?rest_route=%2Fwp%2Fv2%2Fmedia&parent=3881"}],"curies":[{"name":"wp","href":"https:\/\/api.w.org\/{rel}","templated":true}]}}