{"id":24,"date":"2013-09-28T16:27:23","date_gmt":"2013-09-28T13:27:23","guid":{"rendered":"http:\/\/crossfitsln.com\/?page_id=24"},"modified":"2025-10-17T14:55:15","modified_gmt":"2025-10-17T11:55:15","slug":"ota-yhteytta","status":"publish","type":"page","link":"https:\/\/www.crossfitsln.com\/?page_id=24","title":{"rendered":"Ota yhteytt\u00e4"},"content":{"rendered":"\n<h1 class=\"wp-block-heading\">Ota yhteytt\u00e4<\/h1>\n\n\n\n<p><strong>Asiakaspalvelu<\/strong><br><a href=\"mailto:asiakaspalvelu@strongsportsln.com\">asiakaspalvelu@strongsportsln.com<\/a><\/p>\n\n\n\n<p><strong>K\u00e4yntiosoite<\/strong><br><a href=\"https:\/\/www.google.fi\/maps\/place\/Pappilankatu+1,+57100+Savonlinna\/@61.8701768,28.8750612,17z\/data=!3m1!4b1!4m5!3m4!1s0x469a4ffc6b6edd31:0xbbfdbd5b5a4c4d7f!8m2!3d61.8701768!4d28.8772499\">Pappilankatu 1<\/a><br>57100, Savonlinna<\/p>\n\n\n\n<p>P\u00e4\u00e4valmentaja Karo Hakkarainen<br>p. 040 779 1546<\/p>\n\n\n\n<p><strong>Laskutusosoite<\/strong><\/p>\n\n\n\n<p>Y-tunnus: 2847769-5<br>Verkkolaskutusosoite: Verkkolaskuna 003728477695<br>Verkkolaskujen v\u00e4litt\u00e4j\u00e4: 003708599126 (OpenText)<\/p>\n\n\n\n<h2 class=\"wp-block-heading\">J\u00e4rjest\u00e4 peruskurssi tai treeni omalle ryhm\u00e4llesi!<\/h2>\n\n\n\n<p>CrossFit OnRamp -peruskursseja sek\u00e4 yksityistunteja j\u00e4rjestet\u00e4\u00e4n my\u00f6s pienryhmille tilauksen mukaan. Jos sinulla on oma kaveri- tai ty\u00f6porukka joka olisi kiinnostunut p\u00e4\u00e4sem\u00e4\u00e4n lajin pariin, tai haluat j\u00e4rjest\u00e4\u00e4 liikunnalliset polttarit, syntt\u00e4rit tai pikkujoulut, laita s\u00e4hk\u00f6postia osoitteeseen asiakaspalvelu@strongsportsln.com ja sovitaan yksityiskohdista!<\/p>\n\n\n\n<p><strong>TERVETULOA MUKAAN!<\/strong><\/p>\n","protected":false},"excerpt":{"rendered":"<p>Ota yhteytt\u00e4 Asiakaspalveluasiakaspalvelu@strongsportsln.com K\u00e4yntiosoitePappilankatu 157100, Savonlinna P\u00e4\u00e4valmentaja Karo Hakkarainenp. 040 779 1546 Laskutusosoite Y-tunnus: 2847769-5Verkkolaskutusosoite: Verkkolaskuna 003728477695Verkkolaskujen v\u00e4litt\u00e4j\u00e4: 003708599126 (OpenText) J\u00e4rjest\u00e4 peruskurssi tai treeni omalle ryhm\u00e4llesi! CrossFit OnRamp -peruskursseja sek\u00e4 yksityistunteja j\u00e4rjestet\u00e4\u00e4n my\u00f6s pienryhmille tilauksen mukaan. Jos sinulla on oma kaveri- tai ty\u00f6porukka joka olisi kiinnostunut p\u00e4\u00e4sem\u00e4\u00e4n lajin pariin, tai haluat j\u00e4rjest\u00e4\u00e4 liikunnalliset polttarit, syntt\u00e4rit&#8230;<\/p>\n","protected":false},"author":1,"featured_media":0,"parent":0,"menu_order":0,"comment_status":"closed","ping_status":"open","template":"","meta":{"_kadence_starter_templates_imported_post":false,"_kad_post_transparent":"","_kad_post_title":"","_kad_post_layout":"","_kad_post_sidebar_id":"","_kad_post_content_style":"","_kad_post_vertical_padding":"","_kad_post_feature":"","_kad_post_feature_position":"","_kad_post_header":false,"_kad_post_footer":false,"_kad_post_classname":"","footnotes":""},"class_list":["post-24","page","type-page","status-publish","hentry"],"_links":{"self":[{"href":"https:\/\/www.crossfitsln.com\/index.php?rest_route=\/wp\/v2\/pages\/24","targetHints":{"allow":["GET"]}}],"collection":[{"href":"https:\/\/www.crossfitsln.com\/index.php?rest_route=\/wp\/v2\/pages"}],"about":[{"href":"https:\/\/www.crossfitsln.com\/index.php?rest_route=\/wp\/v2\/types\/page"}],"author":[{"embeddable":true,"href":"https:\/\/www.crossfitsln.com\/index.php?rest_route=\/wp\/v2\/users\/1"}],"replies":[{"embeddable":true,"href":"https:\/\/www.crossfitsln.com\/index.php?rest_route=%2Fwp%2Fv2%2Fcomments&post=24"}],"version-history":[{"count":10,"href":"https:\/\/www.crossfitsln.com\/index.php?rest_route=\/wp\/v2\/pages\/24\/revisions"}],"predecessor-version":[{"id":4004,"href":"https:\/\/www.crossfitsln.com\/index.php?rest_route=\/wp\/v2\/pages\/24\/revisions\/4004"}],"wp:attachment":[{"href":"https:\/\/www.crossfitsln.com\/index.php?rest_route=%2Fwp%2Fv2%2Fmedia&parent=24"}],"curies":[{"name":"wp","href":"https:\/\/api.w.org\/{rel}","templated":true}]}}