{"id":1535,"date":"2018-10-02T17:03:26","date_gmt":"2018-10-02T14:03:26","guid":{"rendered":"http:\/\/crossfitsln.com\/?page_id=1535"},"modified":"2026-03-27T09:03:50","modified_gmt":"2026-03-27T07:03:50","slug":"etusivu2","status":"publish","type":"page","link":"https:\/\/www.crossfitsln.com\/","title":{"rendered":"Etusivu"},"content":{"rendered":"\n<h4 class=\"wp-block-heading has-text-align-center has-larger-font-size\"><\/h4>\n\n\n\n<p class=\"has-text-align-center\"><strong>Olemme vuodesta 2013 alkaen Savonlinnan keskustassa toiminut CrossFit-sali. Meille ovat tervetulleita niin aloittelijat kuin lajia pidemp\u00e4\u00e4n harrastaneetkin. Lajin pariin haluaville tarjolla on CrossFit OnRamp -peruskursseja, harrastajille eri j\u00e4senyysvaihtoehtoja sek\u00e4 vierailijoille mahdollisuus kertak\u00e4ynteihin.<\/strong><\/p>\n\n\n\n<p class=\"has-text-align-center\">Syksyst\u00e4 2025 alkaen tarjolla on my\u00f6s painonnoston alkeiskursseja sek\u00e4 painonnostotunteja.<\/p>\n\n\n\n<p class=\"has-text-align-center\"><strong>TERVETULOA MUKAAN!<\/strong><\/p>\n\n\n\n<div class=\"wp-block-buttons is-content-justification-center is-layout-flex wp-container-core-buttons-is-layout-16018d1d wp-block-buttons-is-layout-flex\">\n<div class=\"wp-block-button\"><a class=\"wp-block-button__link has-text-align-center wp-element-button\" href=\"https:\/\/crossfitsln.com\/?page_id=79\">J\u00c4SENYYS JA KERTAK\u00c4YNNIT<\/a><\/div>\n<\/div>\n\n\n\n<div class=\"wp-block-columns is-layout-flex wp-container-core-columns-is-layout-9d6595d7 wp-block-columns-is-layout-flex\">\n<div class=\"wp-block-column is-layout-flow wp-block-column-is-layout-flow\">\n<div class=\"wp-block-cover\"><img loading=\"lazy\" decoding=\"async\" width=\"1024\" height=\"819\" class=\"wp-block-cover__image-background wp-image-3873\" alt=\"\" src=\"https:\/\/www.crossfitsln.com\/wp-content\/uploads\/2025\/08\/WOD-pyora-kuula-soutu-pieni-1024x819.jpg\" data-object-fit=\"cover\" srcset=\"https:\/\/www.crossfitsln.com\/wp-content\/uploads\/2025\/08\/WOD-pyora-kuula-soutu-pieni-1024x819.jpg 1024w, https:\/\/www.crossfitsln.com\/wp-content\/uploads\/2025\/08\/WOD-pyora-kuula-soutu-pieni-300x240.jpg 300w, https:\/\/www.crossfitsln.com\/wp-content\/uploads\/2025\/08\/WOD-pyora-kuula-soutu-pieni-768x614.jpg 768w, https:\/\/www.crossfitsln.com\/wp-content\/uploads\/2025\/08\/WOD-pyora-kuula-soutu-pieni-1536x1229.jpg 1536w, https:\/\/www.crossfitsln.com\/wp-content\/uploads\/2025\/08\/WOD-pyora-kuula-soutu-pieni-2048x1638.jpg 2048w\" sizes=\"auto, (max-width: 1024px) 100vw, 1024px\" \/><span aria-hidden=\"true\" class=\"wp-block-cover__background has-background-dim\"><\/span><div class=\"wp-block-cover__inner-container is-layout-flow wp-block-cover-is-layout-flow\">\n<p class=\"has-text-align-center has-large-font-size\"><strong><a href=\"https:\/\/www.crossfitsln.com\/?page_id=3863\"><mark style=\"background-color:rgba(0, 0, 0, 0)\" class=\"has-inline-color has-theme-palette-9-color\">Huhtikuun OnRamp-peruskurssi 18.-19.4.2026 &#8211; ilmoittaudu mukaan!<\/mark><\/a><\/strong><\/p>\n<\/div><\/div>\n<\/div>\n\n\n\n<div class=\"wp-block-column is-layout-flow wp-block-column-is-layout-flow\">\n<div class=\"wp-block-columns is-layout-flex wp-container-core-columns-is-layout-9d6595d7 wp-block-columns-is-layout-flex\">\n<div class=\"wp-block-column is-layout-flow wp-block-column-is-layout-flow\">\n<div class=\"wp-block-cover\"><img loading=\"lazy\" decoding=\"async\" width=\"1024\" height=\"681\" class=\"wp-block-cover__image-background wp-image-3822\" alt=\"\" src=\"https:\/\/www.crossfitsln.com\/wp-content\/uploads\/2025\/06\/Painonnostokurssikuva-verkkosivuille-\u2013-tosi-pieni--1024x681.jpg\" data-object-fit=\"cover\" srcset=\"https:\/\/www.crossfitsln.com\/wp-content\/uploads\/2025\/06\/Painonnostokurssikuva-verkkosivuille-\u2013-tosi-pieni--1024x681.jpg 1024w, https:\/\/www.crossfitsln.com\/wp-content\/uploads\/2025\/06\/Painonnostokurssikuva-verkkosivuille-\u2013-tosi-pieni--300x199.jpg 300w, https:\/\/www.crossfitsln.com\/wp-content\/uploads\/2025\/06\/Painonnostokurssikuva-verkkosivuille-\u2013-tosi-pieni--768x511.jpg 768w, https:\/\/www.crossfitsln.com\/wp-content\/uploads\/2025\/06\/Painonnostokurssikuva-verkkosivuille-\u2013-tosi-pieni--1536x1021.jpg 1536w, https:\/\/www.crossfitsln.com\/wp-content\/uploads\/2025\/06\/Painonnostokurssikuva-verkkosivuille-\u2013-tosi-pieni--2048x1362.jpg 2048w\" sizes=\"auto, (max-width: 1024px) 100vw, 1024px\" \/><span aria-hidden=\"true\" class=\"wp-block-cover__background has-background-dim\"><\/span><div class=\"wp-block-cover__inner-container is-layout-flow wp-block-cover-is-layout-flow\">\n<p class=\"has-text-align-center has-theme-palette-9-color has-text-color has-link-color has-large-font-size wp-elements-afd814e766bff550c24034476f8cec4c\"><a href=\"https:\/\/www.crossfitsln.com\/?p=3982\"><strong>Painonnostotunnit 7.10.2025 alkaen<\/strong><\/a><\/p>\n<\/div><\/div>\n<\/div>\n<\/div>\n<\/div>\n<\/div>\n\n\n\n\n\n<h2 class=\"wp-block-heading has-text-align-center\">MIT\u00c4 ON CROSSFIT?<\/h2>\n\n\n\n<p class=\"has-text-align-center\">CrossFit on tehokas ja monipuolinen toiminnallinen liikuntamuoto, jossa kehoa liikutetaan kokonaisuutena. CrossFitin vahvuus on sen muovautuvuudessa:<br>jokainen harjoitus sovitetaan juuri sinun tasollesi sopivaksi. Sinun ei tarvitse olla huippukunnossa aloittaaksesi \u2013 sinun t\u00e4ytyy vain olla valmis ottamaan ensimm\u00e4inen askel. Me opastamme, opetamme ja tuemme jokaista, olitpa sitten ensikertalainen, kuntoilun pariin palaava tai kokenut liikkuja.<\/p>\n\n\n\n<p class=\"has-text-align-center\">CrossFit-harjoituksissa yhdistell\u00e4\u00e4n painonnosto- ja kehonpainoliikkeit\u00e4 kest\u00e4vyys- ja lihaskuntoa kehitt\u00e4en. Harjoitukset vaihtuvat p\u00e4ivitt\u00e4in ja ovat p\u00e4\u00e4asiassa lyhytkestoisia, intensiivisi\u00e4 ja t\u00e4ysin skaalattavissa jokaisen kuntotasolle sopivaksi. CrossFit-harjoittelu sopiikin kaikille ik\u00e4\u00e4n, sukupuoleen tai kuntotasoon katsomatta!<\/p>\n\n\n\n<div class=\"wp-block-buttons is-content-justification-center is-layout-flex wp-container-core-buttons-is-layout-16018d1d wp-block-buttons-is-layout-flex\">\n<div class=\"wp-block-button\"><a class=\"wp-block-button__link wp-element-button\" href=\"https:\/\/crossfitsln.com\/?page_id=3750\">ALOITA CROSSFIT<\/a><\/div>\n<\/div>\n\n\n\n<h2 class=\"wp-block-heading has-text-align-center\">SEURAA MEIT\u00c4 INSTAGRAMISSA JA FACEBOOKISSA<\/h2>\n\n\n\n<ul class=\"wp-block-social-links has-visible-labels is-content-justification-center is-layout-flex wp-container-core-social-links-is-layout-16018d1d wp-block-social-links-is-layout-flex\"><li class=\"wp-social-link wp-social-link-instagram  wp-block-social-link\"><a rel=\"noopener nofollow\" target=\"_blank\" href=\"https:\/\/www.instagram.com\/crossfitsln\/\" class=\"wp-block-social-link-anchor\"><svg width=\"24\" height=\"24\" viewBox=\"0 0 24 24\" version=\"1.1\" xmlns=\"http:\/\/www.w3.org\/2000\/svg\" aria-hidden=\"true\" focusable=\"false\"><path d=\"M12,4.622c2.403,0,2.688,0.009,3.637,0.052c0.877,0.04,1.354,0.187,1.671,0.31c0.42,0.163,0.72,0.358,1.035,0.673 c0.315,0.315,0.51,0.615,0.673,1.035c0.123,0.317,0.27,0.794,0.31,1.671c0.043,0.949,0.052,1.234,0.052,3.637 s-0.009,2.688-0.052,3.637c-0.04,0.877-0.187,1.354-0.31,1.671c-0.163,0.42-0.358,0.72-0.673,1.035 c-0.315,0.315-0.615,0.51-1.035,0.673c-0.317,0.123-0.794,0.27-1.671,0.31c-0.949,0.043-1.233,0.052-3.637,0.052 s-2.688-0.009-3.637-0.052c-0.877-0.04-1.354-0.187-1.671-0.31c-0.42-0.163-0.72-0.358-1.035-0.673 c-0.315-0.315-0.51-0.615-0.673-1.035c-0.123-0.317-0.27-0.794-0.31-1.671C4.631,14.688,4.622,14.403,4.622,12 s0.009-2.688,0.052-3.637c0.04-0.877,0.187-1.354,0.31-1.671c0.163-0.42,0.358-0.72,0.673-1.035 c0.315-0.315,0.615-0.51,1.035-0.673c0.317-0.123,0.794-0.27,1.671-0.31C9.312,4.631,9.597,4.622,12,4.622 M12,3 C9.556,3,9.249,3.01,8.289,3.054C7.331,3.098,6.677,3.25,6.105,3.472C5.513,3.702,5.011,4.01,4.511,4.511 c-0.5,0.5-0.808,1.002-1.038,1.594C3.25,6.677,3.098,7.331,3.054,8.289C3.01,9.249,3,9.556,3,12c0,2.444,0.01,2.751,0.054,3.711 c0.044,0.958,0.196,1.612,0.418,2.185c0.23,0.592,0.538,1.094,1.038,1.594c0.5,0.5,1.002,0.808,1.594,1.038 c0.572,0.222,1.227,0.375,2.185,0.418C9.249,20.99,9.556,21,12,21s2.751-0.01,3.711-0.054c0.958-0.044,1.612-0.196,2.185-0.418 c0.592-0.23,1.094-0.538,1.594-1.038c0.5-0.5,0.808-1.002,1.038-1.594c0.222-0.572,0.375-1.227,0.418-2.185 C20.99,14.751,21,14.444,21,12s-0.01-2.751-0.054-3.711c-0.044-0.958-0.196-1.612-0.418-2.185c-0.23-0.592-0.538-1.094-1.038-1.594 c-0.5-0.5-1.002-0.808-1.594-1.038c-0.572-0.222-1.227-0.375-2.185-0.418C14.751,3.01,14.444,3,12,3L12,3z M12,7.378 c-2.552,0-4.622,2.069-4.622,4.622S9.448,16.622,12,16.622s4.622-2.069,4.622-4.622S14.552,7.378,12,7.378z M12,15 c-1.657,0-3-1.343-3-3s1.343-3,3-3s3,1.343,3,3S13.657,15,12,15z M16.804,6.116c-0.596,0-1.08,0.484-1.08,1.08 s0.484,1.08,1.08,1.08c0.596,0,1.08-0.484,1.08-1.08S17.401,6.116,16.804,6.116z\"><\/path><\/svg><span class=\"wp-block-social-link-label\">Instagram<\/span><\/a><\/li>\n\n<li class=\"wp-social-link wp-social-link-facebook  wp-block-social-link\"><a rel=\"noopener nofollow\" target=\"_blank\" href=\"https:\/\/www.facebook.com\/CrossFitSLN\" class=\"wp-block-social-link-anchor\"><svg width=\"24\" height=\"24\" viewBox=\"0 0 24 24\" version=\"1.1\" xmlns=\"http:\/\/www.w3.org\/2000\/svg\" aria-hidden=\"true\" focusable=\"false\"><path d=\"M12 2C6.5 2 2 6.5 2 12c0 5 3.7 9.1 8.4 9.9v-7H7.9V12h2.5V9.8c0-2.5 1.5-3.9 3.8-3.9 1.1 0 2.2.2 2.2.2v2.5h-1.3c-1.2 0-1.6.8-1.6 1.6V12h2.8l-.4 2.9h-2.3v7C18.3 21.1 22 17 22 12c0-5.5-4.5-10-10-10z\"><\/path><\/svg><span class=\"wp-block-social-link-label\">Facebook<\/span><\/a><\/li><\/ul>\n\n\n\n<div class=\"wp-block-kadence-rowlayout alignfull\"><div id=\"kt-layout-id_11b6b4-80\" class=\"kt-row-layout-inner kt-row-has-bg kt-layout-id_11b6b4-80 has-theme-palette-1-background-color\"><div class=\"kt-row-column-wrap kt-has-1-columns kt-gutter-default kt-v-gutter-default kt-row-valign-middle kt-row-layout-equal kt-tab-layout-inherit kt-m-colapse-left-to-right kt-mobile-layout-row\">\n\n<div class=\"wp-block-kadence-column inner-column-1 kadence-column_b3a330-29\"><div class=\"kt-inside-inner-col\">\n\n<h2 class=\"has-text-align-center has-theme-palette-9-color has-text-color wp-block-heading\"><strong>Let\u00b4s get fit and strong!<\/strong><\/h2>\n\n\n<p class=\"has-text-align-center has-theme-palette-9-color has-text-color\">\u00a8<em>Olemme kilometrien p\u00e4\u00e4ss\u00e4 vuoden takaisesta. T\u00e4m\u00e4 ei ole loppu, vaan uusi l\u00e4ht\u00f6viiva\u00a8<\/em><\/p>\n\n<\/div><\/div>\n\n<\/div><\/div><\/div>\n\n\n\n<p><\/p>\n","protected":false},"excerpt":{"rendered":"<p>Olemme vuodesta 2013 alkaen Savonlinnan keskustassa toiminut CrossFit-sali. Meille ovat tervetulleita niin aloittelijat kuin lajia pidemp\u00e4\u00e4n harrastaneetkin. Lajin pariin haluaville tarjolla on CrossFit OnRamp -peruskursseja, harrastajille eri j\u00e4senyysvaihtoehtoja sek\u00e4 vierailijoille mahdollisuus kertak\u00e4ynteihin. Syksyst\u00e4 2025 alkaen tarjolla on my\u00f6s painonnoston alkeiskursseja sek\u00e4 painonnostotunteja. TERVETULOA MUKAAN! MIT\u00c4 ON CROSSFIT? CrossFit on tehokas ja monipuolinen toiminnallinen liikuntamuoto, jossa&#8230;<\/p>\n","protected":false},"author":8,"featured_media":0,"parent":0,"menu_order":0,"comment_status":"closed","ping_status":"closed","template":"","meta":{"_kadence_starter_templates_imported_post":false,"_kad_post_transparent":"","_kad_post_title":"","_kad_post_layout":"","_kad_post_sidebar_id":"","_kad_post_content_style":"","_kad_post_vertical_padding":"","_kad_post_feature":"","_kad_post_feature_position":"","_kad_post_header":false,"_kad_post_footer":false,"_kad_post_classname":"","footnotes":""},"class_list":["post-1535","page","type-page","status-publish","hentry"],"_links":{"self":[{"href":"https:\/\/www.crossfitsln.com\/index.php?rest_route=\/wp\/v2\/pages\/1535","targetHints":{"allow":["GET"]}}],"collection":[{"href":"https:\/\/www.crossfitsln.com\/index.php?rest_route=\/wp\/v2\/pages"}],"about":[{"href":"https:\/\/www.crossfitsln.com\/index.php?rest_route=\/wp\/v2\/types\/page"}],"author":[{"embeddable":true,"href":"https:\/\/www.crossfitsln.com\/index.php?rest_route=\/wp\/v2\/users\/8"}],"replies":[{"embeddable":true,"href":"https:\/\/www.crossfitsln.com\/index.php?rest_route=%2Fwp%2Fv2%2Fcomments&post=1535"}],"version-history":[{"count":263,"href":"https:\/\/www.crossfitsln.com\/index.php?rest_route=\/wp\/v2\/pages\/1535\/revisions"}],"predecessor-version":[{"id":4035,"href":"https:\/\/www.crossfitsln.com\/index.php?rest_route=\/wp\/v2\/pages\/1535\/revisions\/4035"}],"wp:attachment":[{"href":"https:\/\/www.crossfitsln.com\/index.php?rest_route=%2Fwp%2Fv2%2Fmedia&parent=1535"}],"curies":[{"name":"wp","href":"https:\/\/api.w.org\/{rel}","templated":true}]}}